{"id":366258,"date":"2023-05-02T17:20:22","date_gmt":"2023-05-02T17:20:22","guid":{"rendered":"https:\/\/idecide.wpengine.com\/?page_id=366258"},"modified":"2024-05-02T16:10:51","modified_gmt":"2024-05-02T16:10:51","slug":"about","status":"publish","type":"page","link":"https:\/\/idecide.com\/de\/about\/","title":{"rendered":"About Us"},"content":{"rendered":"<p><div id=\"home\" class=\"et_d4_element et_pb_section et_pb_section_0  et_pb_css_mix_blend_mode et_section_regular et_block_section\" >\n\t\t\t\t\n\t\t\t\t\n\t\t\t\t\n\t\t\t\t\n\t\t\t\t\n\t\t\t\t\n\t\t\t\t<div class=\"et_d4_element et_pb_row et_pb_row_0  et_pb_css_mix_blend_mode et_block_row\">\n\t\t\t\t<div class=\"et_d4_element et_pb_column_3_5 et_pb_column et_pb_column_0  et_pb_css_mix_blend_mode et_block_column\">\n\t\t\t\t\n\t\t\t\t\n\t\t\t\t\n\t\t\t\t\n\t\t\t\t<div class=\"et_pb_module et_d4_element et_pb_text et_pb_text_0  et_pb_text_align_left et_pb_bg_layout_light\">\n\t\t\t\t\n\t\t\t\t\n\t\t\t\t\n\t\t\t\t\n\t\t\t\t<div class=\"et_pb_text_inner\"><h1><strong>About Us<\/strong><\/h1><\/div>\n\t\t\t<\/div><div class=\"et_pb_module et_d4_element et_pb_text et_pb_text_1  et_pb_text_align_left et_pb_bg_layout_light\">\n\t\t\t\t\n\t\t\t\t\n\t\t\t\t\n\t\t\t\t\n\t\t\t\t<div class=\"et_pb_text_inner\"><h4>We\u2019ve been around for just a few years, and we\u2019ve made 100\u2019s of thousands of people very happy.<\/h4><\/div>\n\t\t\t<\/div>\n\t\t\t<\/div><div class=\"et_d4_element et_pb_column_2_5 et_pb_column et_pb_column_1  et_pb_css_mix_blend_mode et-last-child et_block_column\">\n\t\t\t\t\n\t\t\t\t\n\t\t\t\t\n\t\t\t\t\n\t\t\t\t<div class=\"et_pb_module et_d4_element et_pb_video et_pb_video_0\">\n\t\t\t\t\n\t\t\t\t\n\t\t\t\t\n\t\t\t\t\n\t\t\t\t<div class=\"et_pb_video_box\"><iframe loading=\"lazy\" title=\"How iDecide Got Started\" width=\"1080\" height=\"608\" src=\"https:\/\/www.youtube.com\/embed\/DJ3iDEe2lhM?feature=oembed\"  allow=\"accelerometer; autoplay; clipboard-write; encrypted-media; gyroscope; picture-in-picture; web-share\" referrerpolicy=\"strict-origin-when-cross-origin\" allowfullscreen><\/iframe><\/div>\n\t\t\t\t\n\t\t\t<\/div>\n\t\t\t<\/div>\n\t\t\t\t\n\t\t\t\t\n\t\t\t\t\n\t\t\t\t\n\t\t\t<\/div>\n\t\t\t\t\n\t\t\t\t\n\t\t\t<\/div><div id=\"highlights\" class=\"et_d4_element et_pb_section et_pb_section_1  et_pb_css_mix_blend_mode et_section_regular et_block_section\" >\n\t\t\t\t\n\t\t\t\t\n\t\t\t\t\n\t\t\t\t\n\t\t\t\t\n\t\t\t\t\n\t\t\t\t<div class=\"et_d4_element et_pb_row et_pb_row_1  et_pb_css_mix_blend_mode et_block_row\">\n\t\t\t\t<div class=\"et_d4_element et_pb_column_4_4 et_pb_column et_pb_column_2  et_pb_css_mix_blend_mode et-last-child et_block_column\">\n\t\t\t\t\n\t\t\t\t\n\t\t\t\t\n\t\t\t\t\n\t\t\t\t<div class=\"et_pb_module et_d4_element et_pb_text et_pb_text_2  et_pb_text_align_left et_pb_bg_layout_light\">\n\t\t\t\t\n\t\t\t\t\n\t\t\t\t\n\t\t\t\t\n\t\t\t\t<div class=\"et_pb_text_inner\"><h2><strong>Who We Are &amp; What We Do<\/strong><\/h2><\/div>\n\t\t\t<\/div>\n\t\t\t<\/div>\n\t\t\t\t\n\t\t\t\t\n\t\t\t\t\n\t\t\t\t\n\t\t\t<\/div><div class=\"et_d4_element et_pb_row et_pb_row_2  et_pb_css_mix_blend_mode et_block_row\">\n\t\t\t\t<div class=\"et_d4_element et_pb_column_4_4 et_pb_column et_pb_column_3  et_pb_css_mix_blend_mode et-last-child et_block_column\">\n\t\t\t\t\n\t\t\t\t\n\t\t\t\t\n\t\t\t\t\n\t\t\t\t<div class=\"et_pb_module et_d4_element et_pb_text et_pb_text_3  et_pb_text_align_left et_pb_bg_layout_light\">\n\t\t\t\t\n\t\t\t\t\n\t\t\t\t\n\t\t\t\t\n\t\t\t\t<div class=\"et_pb_text_inner\"><p><span>In 2017, we started with two employees and an idea in Youngstown, OH. That idea was, and still is, to \u201cEmpower The Inspired.\u201d Our goal is to provide our clients, the inspired, with the most cutting edge presentation technology in the world today so that they can accomplish their goals and make a difference.<\/span><\/p><\/div>\n\t\t\t<\/div>\n\t\t\t<\/div>\n\t\t\t\t\n\t\t\t\t\n\t\t\t\t\n\t\t\t\t\n\t\t\t<\/div><div class=\"et_d4_element et_pb_row et_pb_row_3 et_pb_equal_columns  et_pb_css_mix_blend_mode et_block_row\">\n\t\t\t\t<div class=\"et_d4_element et_pb_column_1_2 et_pb_column et_pb_column_4  et_pb_css_mix_blend_mode et_block_column\">\n\t\t\t\t\n\t\t\t\t\n\t\t\t\t\n\t\t\t\t\n\t\t\t\t<div class=\"et_pb_module et_d4_element et_pb_text et_pb_text_4  et_pb_text_align_left et_pb_bg_layout_light\">\n\t\t\t\t\n\t\t\t\t\n\t\t\t\t\n\t\t\t\t\n\t\t\t\t<div class=\"et_pb_text_inner\"><p><span>We are proud to see that dream become a reality in just these few short years with offices around the U.S. and clients around the world. And we definitely do not take that growth for granted! We love and value our clients, and world class customer service will always be a top priority.<\/span><\/p><\/div>\n\t\t\t<\/div><div class=\"et_pb_module et_d4_element et_pb_text et_pb_text_5  et_pb_text_align_left et_pb_bg_layout_light\">\n\t\t\t\t\n\t\t\t\t\n\t\t\t\t\n\t\t\t\t\n\t\t\t\t<div class=\"et_pb_text_inner\"><p><span>(iDecide\u2019s founder still personally reviews EVERY customer service email!)<\/span><\/p><\/div>\n\t\t\t<\/div>\n\t\t\t<\/div><div class=\"et_d4_element et_pb_column_1_2 et_pb_column et_pb_column_5  et_pb_css_mix_blend_mode et-last-child et_block_column\">\n\t\t\t\t\n\t\t\t\t\n\t\t\t\t\n\t\t\t\t\n\t\t\t\t<div class=\"et_pb_module et_d4_element et_pb_text et_pb_text_6  et_pb_text_align_left et_pb_bg_layout_light\">\n\t\t\t\t\n\t\t\t\t\n\t\t\t\t\n\t\t\t\t\n\t\t\t\t<div class=\"et_pb_text_inner\"><p><span>Our incredible clients come from a variety of market segments, including B2B SaaS companies, non-profits, network marketers, and even a race team! We are proud to say we have helped generate hundreds of millions of dollars for our clients, and we look forward to seeing those numbers grow as the years progress and our presentation solutions continue to improve. As a matter of fact, in the time it took you to read this, we\u2019ve probably come up with something else that\u2019ll blow your customers away!<\/span><\/p><\/div>\n\t\t\t<\/div>\n\t\t\t<\/div>\n\t\t\t\t\n\t\t\t\t\n\t\t\t\t\n\t\t\t\t\n\t\t\t<\/div>\n\t\t\t\t\n\t\t\t\t\n\t\t\t<\/div><div id=\"iFrameScroll\" class=\"et_d4_element et_pb_section et_pb_section_2 et_pb_with_background  et_pb_css_mix_blend_mode et_pb_fullwidth_section et_section_regular section_has_divider et_pb_bottom_divider et_pb_top_divider et_block_section\" >\n\t\t\t\t<div class=\"et_pb_top_inside_divider et-no-transition\"><\/div>\n\t\t\t\t\n\t\t\t\t\n\t\t\t\t\n\t\t\t\t\n\t\t\t\t\n\t\t\t\t<div class=\"et_pb_module et_d4_element et_pb_fullwidth_code et_pb_fullwidth_code_0\">\n\t\t\t\t\n\t\t\t\t\n\t\t\t\t\n\t\t\t\t\n\t\t\t\t<div class=\"et_pb_code_inner\"><html id=\"scrollWindow\">\n\n  <style>\n    \/* Hide scrollbar *\/\n    ::-webkit-scrollbar {\n      display: none !important;\n    }\n\n    \/* Set height of html to full viewport height *\/\n    .scrollWindow {\n      height: 100vh;\n      aspect-ratio: 16 \/ 9;\n    }\n\n    \/* Set background color of body *\/\n    body {\n      background: #f4f5fa;\n      height: 100vh;\n    }\n\n    \/* Center canvas element *\/\n    canvas {\n      position: absolute;\n      width: 100vw;\n      aspect-ratio: 16\/9;\n    }\n  <\/style>\n\n<body translate=\"no\">\n  <canvas id=\"hero-lightpass\" width=\"1158\" height=\"770\"><\/canvas>\n  <script>\n    \/\/ Define canvas element and its context\n    const canvas = document.getElementById(\"hero-lightpass\");\n    const context = canvas.getContext(\"2d\");\n    \/\/ Set the canvas size to the desired dimensions\n    canvas.width = 1920;\n    canvas.height = 1080;\n\n    \/\/ Define function to get the URL of the current image frame\n    const currentFrame = index => `https:\/\/idecide.com\/vidScroll_2\/assets\/img\/dashboard_${index.toString().padStart(3, '0')}.jpg`;\n\n    \/\/ Define the number of images to scroll through\n    const frameCount = 120;\n\n    \/\/ Create an array to hold the preloaded images\n    const images = [];\n\n    \/\/ Preload the images to improve performance\n    const preloadImages = () => {\n      for (let i = 1; i < frameCount; i++) {\n        images[i] = new Image();\n        images[i].src = currentFrame(i);\n      }\n    };\n\n    \/\/ Call the preloadImages function\n    preloadImages();\n\n    \/\/ If the user is on a mobile device, draw the last image and disable scrolling\n    if (\/Android|webOS|iPhone|iPad|iPod|BlackBerry|IEMobile|Opera Mini\/i.test(navigator.userAgent)) {\n      const img = new Image();\n      img.src = currentFrame(frameCount);\n      img.onload = () => context.drawImage(img, 0, 0);\n\n    } else {\n      \/\/ If the user is on a desktop device, draw the first image and enable scrolling\n      const img = new Image();\n      img.src = currentFrame(1);\n      img.onload = () => context.drawImage(img, 0, 0);\n\n      \/\/ Get the html element and define a function to check if an element is partially in viewport\n      const html = document.getElementById('scrollWindow');\n      \n\n      function isElementPartiallyInViewport(el) {\n        const rect = el.getBoundingClientRect();\n        const windowHeight = window.innerHeight || document.documentElement.clientHeight;\n        const windowWidth = window.innerWidth || document.documentElement.clientWidth;\n\n        \/\/ Check if the element is partially in view both horizontally and vertically\n        const vertInView = (rect.top <= windowHeight * 0.7) && ((rect.top + rect.height) >= 0);\n        const horInView = (rect.left <= windowWidth) && ((rect.left + rect.width) >= 0);\n\n        return (vertInView && horInView);\n      }\n\n      \/\/ Define a function to handle the scroll event\n      const handleScroll = () => {\n        \/\/ Get the iFrameScroll element from the parent window\n        const iFrameScrollElement = document.querySelector(\"#iFrameScroll\");\n        const iFrameLocation = iFrameScrollElement.getBoundingClientRect().top * 2;\n        \/\/ If the iFrameScroll element is partially in the viewport, scroll to it\n        if (iFrameScrollElement && isElementPartiallyInViewport(iFrameScrollElement)) {\n          const scrollTop = html.scrollTop - iFrameLocation;\n          const maxScrollTop = html.scrollHeight - (window.innerHeight * 3);\n          const scrollFraction = scrollTop \/ maxScrollTop;\n          const frameIndex = Math.min(frameCount - 1, Math.floor(scrollFraction * frameCount));\n          console.log(frameIndex);\n\n\n          \/\/ Draw the appropriate image for the current frame index\n          requestAnimationFrame(() => context.drawImage(images[frameIndex + 1], 0, 0));\n        }\n\n\n      };\n\n      \/\/ Attach the event listener to the iframe window to handle scrolling\n      window.addEventListener('scroll', handleScroll);\n    }\n\n    \/\/ Define console object if it does not exist\n    window.console = window.console || function (t) { };\n\n    \/\/ If the URL query string contains \"type=embed\", send a message to the parent window to resize the iframe\n    if (document.location.search.match(\/type=embed\/gi)) {\n      window.parent.postMessage(\"resize\", \"*\");\n    }\n  <\/script>\n<\/body>\n\n<\/html><\/div>\n\t\t\t<\/div>\n\t\t\t\t\n\t\t\t\t<div class=\"et_pb_bottom_inside_divider et-no-transition\"><\/div>\n\t\t\t<\/div><div id=\"testimonials\" class=\"et_d4_element et_pb_section et_pb_section_3  et_pb_css_mix_blend_mode et_section_regular et_block_section\" >\n\t\t\t\t\n\t\t\t\t\n\t\t\t\t\n\t\t\t\t\n\t\t\t\t\n\t\t\t\t\n\t\t\t\t<div class=\"et_d4_element et_pb_row et_pb_row_4 et_pb_equal_columns et_pb_gutters2  et_pb_css_mix_blend_mode et_block_row\">\n\t\t\t\t<div class=\"et_d4_element et_pb_column_1_2 et_pb_column et_pb_column_6  et_pb_css_mix_blend_mode et_block_column\">\n\t\t\t\t\n\t\t\t\t\n\t\t\t\t\n\t\t\t\t\n\t\t\t\t<div class=\"et_pb_module et_d4_element et_pb_image et_pb_image_0\">\n\t\t\t\t\n\t\t\t\t\n\t\t\t\t\n\t\t\t\t\n\t\t\t\t<span class=\"et_pb_image_wrap \"><img loading=\"lazy\" decoding=\"async\" width=\"300\" height=\"288\" src=\"https:\/\/idecide.wpengine.com\/wp-content\/uploads\/2023\/05\/ted_wilson-300x288.jpg\" alt=\"\" title=\"ted_wilson\" class=\"wp-image-366321\" \/><\/span>\n\t\t\t<\/div><div class=\"et_pb_module et_d4_element et_pb_text et_pb_text_7  et_pb_text_align_left et_pb_bg_layout_light\">\n\t\t\t\t\n\t\t\t\t\n\t\t\t\t\n\t\t\t\t\n\t\t\t\t<div class=\"et_pb_text_inner\"><h5>\u2605\u2605\u2605\u2605\u2605<\/h5><\/div>\n\t\t\t<\/div><div class=\"et_pb_module et_d4_element et_pb_text et_pb_text_8  et_pb_text_align_left et_pb_bg_layout_light\">\n\t\t\t\t\n\t\t\t\t\n\t\t\t\t\n\t\t\t\t\n\t\t\t\t<div class=\"et_pb_text_inner\"><h4>\u201c<span>My leaders have embraced this technology and have been enjoying an 80+% close rate!<\/span>\u201c<\/h4><\/div>\n\t\t\t<\/div><div class=\"et_pb_module et_d4_element et_pb_text et_pb_text_9  et_pb_text_align_left et_pb_bg_layout_light\">\n\t\t\t\t\n\t\t\t\t\n\t\t\t\t\n\t\t\t\t\n\t\t\t\t<div class=\"et_pb_text_inner\"><h5><span>Ted W.<\/span><\/h5><\/div>\n\t\t\t<\/div><div class=\"et_pb_module et_d4_element et_pb_text et_pb_text_10  et_pb_text_align_left et_pb_bg_layout_light\">\n\t\t\t\t\n\t\t\t\t\n\t\t\t\t\n\t\t\t\t\n\t\t\t\t<div class=\"et_pb_text_inner\"><div class=\"ql-block ql-align-center\" data-block-id=\"block-c86a13e2-f732-4365-b407-9fd471c34309\">Blue Diamond, Valentus<\/div><\/div>\n\t\t\t<\/div>\n\t\t\t<\/div><div class=\"et_d4_element et_pb_column_1_2 et_pb_column et_pb_column_7  et_pb_css_mix_blend_mode et-last-child et_block_column\">\n\t\t\t\t\n\t\t\t\t\n\t\t\t\t\n\t\t\t\t\n\t\t\t\t<div class=\"et_pb_module et_d4_element et_pb_image et_pb_image_1\">\n\t\t\t\t\n\t\t\t\t\n\t\t\t\t\n\t\t\t\t\n\t\t\t\t<span class=\"et_pb_image_wrap \"><img loading=\"lazy\" decoding=\"async\" width=\"400\" height=\"400\" src=\"https:\/\/idecide.com\/wp-content\/uploads\/2024\/05\/David-Brown.webp\" alt=\"\" title=\"David-Brown\" srcset=\"https:\/\/idecide.com\/wp-content\/uploads\/2024\/05\/David-Brown.webp 400w, https:\/\/idecide.com\/wp-content\/uploads\/2024\/05\/David-Brown-300x300.webp 300w, https:\/\/idecide.com\/wp-content\/uploads\/2024\/05\/David-Brown-150x150.webp 150w\" sizes=\"(max-width: 400px) 100vw, 400px\" class=\"wp-image-367425\" \/><\/span>\n\t\t\t<\/div><div class=\"et_pb_module et_d4_element et_pb_text et_pb_text_11  et_pb_text_align_left et_pb_bg_layout_light\">\n\t\t\t\t\n\t\t\t\t\n\t\t\t\t\n\t\t\t\t\n\t\t\t\t<div class=\"et_pb_text_inner\"><h5>\u2605\u2605\u2605\u2605\u2605<\/h5><\/div>\n\t\t\t<\/div><div class=\"et_pb_module et_d4_element et_pb_text et_pb_text_12  et_pb_text_align_left et_pb_bg_layout_light\">\n\t\t\t\t\n\t\t\t\t\n\t\t\t\t\n\t\t\t\t\n\t\t\t\t<div class=\"et_pb_text_inner\"><h4>\u201c<span>We are extremely impressed with iDecide. It removes the fear-factor and has been so successful!<\/span>\u201d<\/h4><\/div>\n\t\t\t<\/div><div class=\"et_pb_module et_d4_element et_pb_text et_pb_text_13  et_pb_text_align_left et_pb_bg_layout_light\">\n\t\t\t\t\n\t\t\t\t\n\t\t\t\t\n\t\t\t\t\n\t\t\t\t<div class=\"et_pb_text_inner\"><h5><span>Dave B.<\/span><\/h5><\/div>\n\t\t\t<\/div><div class=\"et_pb_module et_d4_element et_pb_text et_pb_text_14  et_pb_text_align_left et_pb_bg_layout_light\">\n\t\t\t\t\n\t\t\t\t\n\t\t\t\t\n\t\t\t\t\n\t\t\t\t<div class=\"et_pb_text_inner\"><div class=\"ql-block ql-align-center\" data-block-id=\"block-c86a13e2-f732-4365-b407-9fd471c34309\"><span>Founder and CEO, Truvy<\/span><\/div><\/div>\n\t\t\t<\/div>\n\t\t\t<\/div>\n\t\t\t\t\n\t\t\t\t\n\t\t\t\t\n\t\t\t\t\n\t\t\t<\/div>\n\t\t\t\t\n\t\t\t\t\n\t\t\t<\/div><\/p>\n","protected":false},"excerpt":{"rendered":"","protected":false},"author":1,"featured_media":0,"parent":0,"menu_order":0,"comment_status":"closed","ping_status":"closed","template":"","meta":{"inline_featured_image":false,"_et_pb_use_builder":"on","_et_pb_old_content":"","_et_gb_content_width":"","footnotes":""},"class_list":["post-366258","page","type-page","status-publish","hentry"],"yoast_head":"<!-- This site is optimized with the Yoast SEO plugin v27.3 - https:\/\/yoast.com\/product\/yoast-seo-wordpress\/ -->\n<title>About Us - iDecide Interactive<\/title>\n<meta name=\"description\" content=\"We\u2019ve been around for just a few years, and we\u2019ve made 100\u2019s of thousands of people very happy. Learn how iDecide started and our testimonials.\" \/>\n<meta name=\"robots\" content=\"index, follow, max-snippet:-1, max-image-preview:large, max-video-preview:-1\" \/>\n<link rel=\"canonical\" href=\"https:\/\/idecide.com\/de\/about\/\" \/>\n<meta property=\"og:locale\" content=\"de_DE\" \/>\n<meta property=\"og:type\" content=\"article\" \/>\n<meta property=\"og:title\" content=\"iDecide Interactive\" \/>\n<meta property=\"og:description\" content=\"AI driven AI driven, interactive presentations that do the opening call for you.\" \/>\n<meta property=\"og:url\" content=\"https:\/\/idecide.com\/de\/about\/\" \/>\n<meta property=\"og:site_name\" content=\"iDecide Interactive\" \/>\n<meta property=\"article:publisher\" content=\"https:\/\/www.facebook.com\/idecideinteractive\/\" \/>\n<meta property=\"article:modified_time\" content=\"2024-05-02T16:10:51+00:00\" \/>\n<meta property=\"og:image\" content=\"https:\/\/idecide.com\/wp-content\/uploads\/2023\/04\/idecide-banner.jpeg\" \/>\n\t<meta property=\"og:image:width\" content=\"1920\" \/>\n\t<meta property=\"og:image:height\" content=\"1080\" \/>\n\t<meta property=\"og:image:type\" content=\"image\/jpeg\" \/>\n<meta name=\"twitter:card\" content=\"summary_large_image\" \/>\n<meta name=\"twitter:title\" content=\"iDecide Interactive\" \/>\n<meta name=\"twitter:description\" content=\"AI driven AI driven, interactive presentations that do the opening call for you.\" \/>\n<meta name=\"twitter:image\" content=\"https:\/\/idecide.com\/wp-content\/uploads\/2023\/04\/idecide-banner.jpeg\" \/>\n<meta name=\"twitter:site\" content=\"@idecideinteract\" \/>\n<meta name=\"twitter:label1\" content=\"Est. reading time\" \/>\n\t<meta name=\"twitter:data1\" content=\"10 Minuten\" \/>\n<script type=\"application\/ld+json\" class=\"yoast-schema-graph\">{\"@context\":\"https:\\\/\\\/schema.org\",\"@graph\":[{\"@type\":\"WebPage\",\"@id\":\"https:\\\/\\\/idecide.com\\\/de\\\/about\\\/\",\"url\":\"https:\\\/\\\/idecide.com\\\/about\\\/\",\"name\":\"About Us - iDecide Interactive\",\"isPartOf\":{\"@id\":\"https:\\\/\\\/idecide.com\\\/de\\\/#website\"},\"datePublished\":\"2023-05-02T17:20:22+00:00\",\"dateModified\":\"2024-05-02T16:10:51+00:00\",\"description\":\"We\u2019ve been around for just a few years, and we\u2019ve made 100\u2019s of thousands of people very happy. Learn how iDecide started and our testimonials.\",\"breadcrumb\":{\"@id\":\"https:\\\/\\\/idecide.com\\\/about\\\/#breadcrumb\"},\"inLanguage\":\"de-DE\",\"potentialAction\":[{\"@type\":\"ReadAction\",\"target\":[\"https:\\\/\\\/idecide.com\\\/about\\\/\"]}]},{\"@type\":\"BreadcrumbList\",\"@id\":\"https:\\\/\\\/idecide.com\\\/about\\\/#breadcrumb\",\"itemListElement\":[{\"@type\":\"ListItem\",\"position\":1,\"name\":\"Home\",\"item\":\"https:\\\/\\\/idecide.com\\\/\"},{\"@type\":\"ListItem\",\"position\":2,\"name\":\"About Us\"}]},{\"@type\":\"WebSite\",\"@id\":\"https:\\\/\\\/idecide.com\\\/de\\\/#website\",\"url\":\"https:\\\/\\\/idecide.com\\\/de\\\/\",\"name\":\"iDecide Interactive\",\"description\":\"AI driven AI driven, interactive presentations that do the opening call for you.\",\"publisher\":{\"@id\":\"https:\\\/\\\/idecide.com\\\/de\\\/#organization\"},\"alternateName\":\"iDecide\",\"potentialAction\":[{\"@type\":\"SearchAction\",\"target\":{\"@type\":\"EntryPoint\",\"urlTemplate\":\"https:\\\/\\\/idecide.com\\\/de\\\/?s={search_term_string}\"},\"query-input\":{\"@type\":\"PropertyValueSpecification\",\"valueRequired\":true,\"valueName\":\"search_term_string\"}}],\"inLanguage\":\"de-DE\"},{\"@type\":\"Organization\",\"@id\":\"https:\\\/\\\/idecide.com\\\/de\\\/#organization\",\"name\":\"iDecide Interactive\",\"url\":\"https:\\\/\\\/idecide.com\\\/de\\\/\",\"logo\":{\"@type\":\"ImageObject\",\"inLanguage\":\"de-DE\",\"@id\":\"https:\\\/\\\/idecide.com\\\/de\\\/#\\\/schema\\\/logo\\\/image\\\/\",\"url\":\"https:\\\/\\\/idecide.com\\\/wp-content\\\/uploads\\\/2023\\\/04\\\/idecide-banner.jpeg\",\"contentUrl\":\"https:\\\/\\\/idecide.com\\\/wp-content\\\/uploads\\\/2023\\\/04\\\/idecide-banner.jpeg\",\"width\":1920,\"height\":1080,\"caption\":\"iDecide Interactive\"},\"image\":{\"@id\":\"https:\\\/\\\/idecide.com\\\/de\\\/#\\\/schema\\\/logo\\\/image\\\/\"},\"sameAs\":[\"https:\\\/\\\/www.facebook.com\\\/idecideinteractive\\\/\",\"https:\\\/\\\/x.com\\\/idecideinteract\",\"https:\\\/\\\/www.instagram.com\\\/idecideinteractive\\\/\"]}]}<\/script>\n<!-- \/ Yoast SEO plugin. -->","yoast_head_json":{"title":"About Us - iDecide Interactive","description":"We\u2019ve been around for just a few years, and we\u2019ve made 100\u2019s of thousands of people very happy. Learn how iDecide started and our testimonials.","robots":{"index":"index","follow":"follow","max-snippet":"max-snippet:-1","max-image-preview":"max-image-preview:large","max-video-preview":"max-video-preview:-1"},"canonical":"https:\/\/idecide.com\/de\/about\/","og_locale":"de_DE","og_type":"article","og_title":"iDecide Interactive","og_description":"AI driven AI driven, interactive presentations that do the opening call for you.","og_url":"https:\/\/idecide.com\/de\/about\/","og_site_name":"iDecide Interactive","article_publisher":"https:\/\/www.facebook.com\/idecideinteractive\/","article_modified_time":"2024-05-02T16:10:51+00:00","og_image":[{"width":1920,"height":1080,"url":"https:\/\/idecide.com\/wp-content\/uploads\/2023\/04\/idecide-banner.jpeg","type":"image\/jpeg"}],"twitter_card":"summary_large_image","twitter_title":"iDecide Interactive","twitter_description":"AI driven AI driven, interactive presentations that do the opening call for you.","twitter_image":"https:\/\/idecide.com\/wp-content\/uploads\/2023\/04\/idecide-banner.jpeg","twitter_site":"@idecideinteract","twitter_misc":{"Est. reading time":"10 Minuten"},"schema":{"@context":"https:\/\/schema.org","@graph":[{"@type":"WebPage","@id":"https:\/\/idecide.com\/de\/about\/","url":"https:\/\/idecide.com\/about\/","name":"About Us - iDecide Interactive","isPartOf":{"@id":"https:\/\/idecide.com\/de\/#website"},"datePublished":"2023-05-02T17:20:22+00:00","dateModified":"2024-05-02T16:10:51+00:00","description":"We\u2019ve been around for just a few years, and we\u2019ve made 100\u2019s of thousands of people very happy. Learn how iDecide started and our testimonials.","breadcrumb":{"@id":"https:\/\/idecide.com\/about\/#breadcrumb"},"inLanguage":"de-DE","potentialAction":[{"@type":"ReadAction","target":["https:\/\/idecide.com\/about\/"]}]},{"@type":"BreadcrumbList","@id":"https:\/\/idecide.com\/about\/#breadcrumb","itemListElement":[{"@type":"ListItem","position":1,"name":"Home","item":"https:\/\/idecide.com\/"},{"@type":"ListItem","position":2,"name":"About Us"}]},{"@type":"WebSite","@id":"https:\/\/idecide.com\/de\/#website","url":"https:\/\/idecide.com\/de\/","name":"iDecide Interaktiv","description":"KI-gesteuerte, interaktive Pr\u00e4sentationen, die den Er\u00f6ffnungsaufruf f\u00fcr Sie \u00fcbernehmen.","publisher":{"@id":"https:\/\/idecide.com\/de\/#organization"},"alternateName":"iDecide","potentialAction":[{"@type":"SearchAction","target":{"@type":"EntryPoint","urlTemplate":"https:\/\/idecide.com\/de\/?s={search_term_string}"},"query-input":{"@type":"PropertyValueSpecification","valueRequired":true,"valueName":"search_term_string"}}],"inLanguage":"de-DE"},{"@type":"Organization","@id":"https:\/\/idecide.com\/de\/#organization","name":"iDecide Interaktiv","url":"https:\/\/idecide.com\/de\/","logo":{"@type":"ImageObject","inLanguage":"de-DE","@id":"https:\/\/idecide.com\/de\/#\/schema\/logo\/image\/","url":"https:\/\/idecide.com\/wp-content\/uploads\/2023\/04\/idecide-banner.jpeg","contentUrl":"https:\/\/idecide.com\/wp-content\/uploads\/2023\/04\/idecide-banner.jpeg","width":1920,"height":1080,"caption":"iDecide Interactive"},"image":{"@id":"https:\/\/idecide.com\/de\/#\/schema\/logo\/image\/"},"sameAs":["https:\/\/www.facebook.com\/idecideinteractive\/","https:\/\/x.com\/idecideinteract","https:\/\/www.instagram.com\/idecideinteractive\/"]}]}},"publishpress_future_action":{"enabled":false,"date":"2026-04-14 10:01:01","action":"change-status","newStatus":"draft","terms":[],"taxonomy":"","extraData":[]},"publishpress_future_workflow_manual_trigger":{"enabledWorkflows":[]},"_links":{"self":[{"href":"https:\/\/idecide.com\/de\/wp-json\/wp\/v2\/pages\/366258","targetHints":{"allow":["GET"]}}],"collection":[{"href":"https:\/\/idecide.com\/de\/wp-json\/wp\/v2\/pages"}],"about":[{"href":"https:\/\/idecide.com\/de\/wp-json\/wp\/v2\/types\/page"}],"author":[{"embeddable":true,"href":"https:\/\/idecide.com\/de\/wp-json\/wp\/v2\/users\/1"}],"replies":[{"embeddable":true,"href":"https:\/\/idecide.com\/de\/wp-json\/wp\/v2\/comments?post=366258"}],"version-history":[{"count":0,"href":"https:\/\/idecide.com\/de\/wp-json\/wp\/v2\/pages\/366258\/revisions"}],"wp:attachment":[{"href":"https:\/\/idecide.com\/de\/wp-json\/wp\/v2\/media?parent=366258"}],"curies":[{"name":"wp","href":"https:\/\/api.w.org\/{rel}","templated":true}]}}